{"id":21,"date":"2023-12-26T15:27:08","date_gmt":"2023-12-26T14:27:08","guid":{"rendered":"https:\/\/wn.umg.edu.pl\/nawigator\/?page_id=21"},"modified":"2025-11-18T17:54:33","modified_gmt":"2025-11-18T16:54:33","slug":"dzialalnosc","status":"publish","type":"page","link":"https:\/\/wn.umg.edu.pl\/nawigator\/dzialalnosc\/","title":{"rendered":"Dzia\u0142alno\u015b\u0107 ko\u0142a"},"content":{"rendered":"\t\t<div data-elementor-type=\"wp-page\" data-elementor-id=\"21\" class=\"elementor elementor-21\">\n\t\t\t\t\t\t\t<div class=\"elementor-element elementor-element-7ee5b86 e-flex e-con-boxed e-con e-parent\" data-id=\"7ee5b86\" data-element_type=\"container\" data-settings=\"{&quot;content_width&quot;:&quot;boxed&quot;}\" data-core-v316-plus=\"true\">\n\t\t\t\t\t<div class=\"e-con-inner\">\n\t\t\t\t<div class=\"elementor-element elementor-element-0b6584c elementor-widget elementor-widget-heading\" data-id=\"0b6584c\" data-element_type=\"widget\" data-widget_type=\"heading.default\">\n\t\t\t\t<div class=\"elementor-widget-container\">\n\t\t\t<style>\/*! elementor - v3.18.0 - 20-12-2023 *\/\n.elementor-heading-title{padding:0;margin:0;line-height:1}.elementor-widget-heading .elementor-heading-title[class*=elementor-size-]>a{color:inherit;font-size:inherit;line-height:inherit}.elementor-widget-heading .elementor-heading-title.elementor-size-small{font-size:15px}.elementor-widget-heading .elementor-heading-title.elementor-size-medium{font-size:19px}.elementor-widget-heading .elementor-heading-title.elementor-size-large{font-size:29px}.elementor-widget-heading .elementor-heading-title.elementor-size-xl{font-size:39px}.elementor-widget-heading .elementor-heading-title.elementor-size-xxl{font-size:59px}<\/style><h2 class=\"elementor-heading-title elementor-size-default\">Aktualne projekty Ko\u0142a Naukowego Nawigator:\u200b<\/h2>\t\t<\/div>\n\t\t\t\t<\/div>\n\t\t\t\t\t<\/div>\n\t\t\t\t<\/div>\n\t\t<div class=\"elementor-element elementor-element-1ba1f5e e-flex e-con-boxed e-con e-parent\" data-id=\"1ba1f5e\" data-element_type=\"container\" data-settings=\"{&quot;content_width&quot;:&quot;boxed&quot;}\" data-core-v316-plus=\"true\">\n\t\t\t\t\t<div class=\"e-con-inner\">\n\t\t\t\t<div class=\"elementor-element elementor-element-053e443 elementor-widget-divider--view-line elementor-widget elementor-widget-divider\" data-id=\"053e443\" data-element_type=\"widget\" data-widget_type=\"divider.default\">\n\t\t\t\t<div class=\"elementor-widget-container\">\n\t\t\t<style>\/*! elementor - v3.18.0 - 20-12-2023 *\/\n.elementor-widget-divider{--divider-border-style:none;--divider-border-width:1px;--divider-color:#0c0d0e;--divider-icon-size:20px;--divider-element-spacing:10px;--divider-pattern-height:24px;--divider-pattern-size:20px;--divider-pattern-url:none;--divider-pattern-repeat:repeat-x}.elementor-widget-divider .elementor-divider{display:flex}.elementor-widget-divider .elementor-divider__text{font-size:15px;line-height:1;max-width:95%}.elementor-widget-divider .elementor-divider__element{margin:0 var(--divider-element-spacing);flex-shrink:0}.elementor-widget-divider .elementor-icon{font-size:var(--divider-icon-size)}.elementor-widget-divider .elementor-divider-separator{display:flex;margin:0;direction:ltr}.elementor-widget-divider--view-line_icon .elementor-divider-separator,.elementor-widget-divider--view-line_text .elementor-divider-separator{align-items:center}.elementor-widget-divider--view-line_icon .elementor-divider-separator:after,.elementor-widget-divider--view-line_icon .elementor-divider-separator:before,.elementor-widget-divider--view-line_text .elementor-divider-separator:after,.elementor-widget-divider--view-line_text .elementor-divider-separator:before{display:block;content:\"\";border-bottom:0;flex-grow:1;border-top:var(--divider-border-width) var(--divider-border-style) var(--divider-color)}.elementor-widget-divider--element-align-left .elementor-divider .elementor-divider-separator>.elementor-divider__svg:first-of-type{flex-grow:0;flex-shrink:100}.elementor-widget-divider--element-align-left .elementor-divider-separator:before{content:none}.elementor-widget-divider--element-align-left .elementor-divider__element{margin-left:0}.elementor-widget-divider--element-align-right .elementor-divider .elementor-divider-separator>.elementor-divider__svg:last-of-type{flex-grow:0;flex-shrink:100}.elementor-widget-divider--element-align-right .elementor-divider-separator:after{content:none}.elementor-widget-divider--element-align-right .elementor-divider__element{margin-right:0}.elementor-widget-divider:not(.elementor-widget-divider--view-line_text):not(.elementor-widget-divider--view-line_icon) .elementor-divider-separator{border-top:var(--divider-border-width) var(--divider-border-style) var(--divider-color)}.elementor-widget-divider--separator-type-pattern{--divider-border-style:none}.elementor-widget-divider--separator-type-pattern.elementor-widget-divider--view-line .elementor-divider-separator,.elementor-widget-divider--separator-type-pattern:not(.elementor-widget-divider--view-line) .elementor-divider-separator:after,.elementor-widget-divider--separator-type-pattern:not(.elementor-widget-divider--view-line) .elementor-divider-separator:before,.elementor-widget-divider--separator-type-pattern:not([class*=elementor-widget-divider--view]) .elementor-divider-separator{width:100%;min-height:var(--divider-pattern-height);-webkit-mask-size:var(--divider-pattern-size) 100%;mask-size:var(--divider-pattern-size) 100%;-webkit-mask-repeat:var(--divider-pattern-repeat);mask-repeat:var(--divider-pattern-repeat);background-color:var(--divider-color);-webkit-mask-image:var(--divider-pattern-url);mask-image:var(--divider-pattern-url)}.elementor-widget-divider--no-spacing{--divider-pattern-size:auto}.elementor-widget-divider--bg-round{--divider-pattern-repeat:round}.rtl .elementor-widget-divider .elementor-divider__text{direction:rtl}.e-con-inner>.elementor-widget-divider,.e-con>.elementor-widget-divider{width:var(--container-widget-width,100%);--flex-grow:var(--container-widget-flex-grow)}<\/style>\t\t<div class=\"elementor-divider\">\n\t\t\t<span class=\"elementor-divider-separator\">\n\t\t\t\t\t\t<\/span>\n\t\t<\/div>\n\t\t\t\t<\/div>\n\t\t\t\t<\/div>\n\t\t\t\t\t<\/div>\n\t\t\t\t<\/div>\n\t\t<div class=\"elementor-element elementor-element-35aa666 e-flex e-con-boxed e-con e-parent\" data-id=\"35aa666\" data-element_type=\"container\" data-settings=\"{&quot;content_width&quot;:&quot;boxed&quot;}\" data-core-v316-plus=\"true\">\n\t\t\t\t\t<div class=\"e-con-inner\">\n\t\t\t\t<div class=\"elementor-element elementor-element-071e7e9 elementor-widget elementor-widget-text-editor\" data-id=\"071e7e9\" data-element_type=\"widget\" data-widget_type=\"text-editor.default\">\n\t\t\t\t<div class=\"elementor-widget-container\">\n\t\t\t<style>\/*! elementor - v3.18.0 - 20-12-2023 *\/\n.elementor-widget-text-editor.elementor-drop-cap-view-stacked .elementor-drop-cap{background-color:#69727d;color:#fff}.elementor-widget-text-editor.elementor-drop-cap-view-framed .elementor-drop-cap{color:#69727d;border:3px solid;background-color:transparent}.elementor-widget-text-editor:not(.elementor-drop-cap-view-default) .elementor-drop-cap{margin-top:8px}.elementor-widget-text-editor:not(.elementor-drop-cap-view-default) .elementor-drop-cap-letter{width:1em;height:1em}.elementor-widget-text-editor .elementor-drop-cap{float:left;text-align:center;line-height:1;font-size:50px}.elementor-widget-text-editor .elementor-drop-cap-letter{display:inline-block}<\/style>\t\t\t\t<h3><b>Projekt I\u0142awa<\/b><\/h3>\n<h5><em>&#8222;Tworzenie Mapy Nawigacyjnej S-57 dla O\u015brodka Szkoleniowego w Kamionce&#8221;<\/em><\/h5>\t\t\t\t\t\t<\/div>\n\t\t\t\t<\/div>\n\t\t\t\t\t<\/div>\n\t\t\t\t<\/div>\n\t\t<div class=\"elementor-element elementor-element-db5f592 e-flex e-con-boxed e-con e-parent\" data-id=\"db5f592\" data-element_type=\"container\" data-settings=\"{&quot;content_width&quot;:&quot;boxed&quot;}\" data-core-v316-plus=\"true\">\n\t\t\t\t\t<div class=\"e-con-inner\">\n\t\t<div class=\"elementor-element elementor-element-39c86f3 e-con-full e-flex e-con e-child\" data-id=\"39c86f3\" data-element_type=\"container\" data-settings=\"{&quot;content_width&quot;:&quot;full&quot;}\">\n\t\t\t\t<div class=\"elementor-element elementor-element-561bfae elementor-widget elementor-widget-text-editor\" data-id=\"561bfae\" data-element_type=\"widget\" data-widget_type=\"text-editor.default\">\n\t\t\t\t<div class=\"elementor-widget-container\">\n\t\t\t\t\t\t\t<p>Projekt I\u0142awa to nasza inicjatywa skoncentrowana na tworzeniu mapy nawigacyjnej S-57 dla O\u015brodka Szkoleniowego kapitan\u00f3w i pilot\u00f3w statk\u00f3w w Kamionce. <br \/>Uczymy si\u0119 od podstaw procesu tworzenia map elektronicznych, kt\u00f3re s\u0105 ju\u017c standardem na niemal wszystkich statkach na \u015bwiecie.<\/p>\t\t\t\t\t\t<\/div>\n\t\t\t\t<\/div>\n\t\t\t\t<\/div>\n\t\t\t\t<div class=\"elementor-element elementor-element-0996f9d elementor-widget elementor-widget-image\" data-id=\"0996f9d\" data-element_type=\"widget\" data-widget_type=\"image.default\">\n\t\t\t\t<div class=\"elementor-widget-container\">\n\t\t\t<style>\/*! elementor - v3.18.0 - 20-12-2023 *\/\n.elementor-widget-image{text-align:center}.elementor-widget-image a{display:inline-block}.elementor-widget-image a img[src$=\".svg\"]{width:48px}.elementor-widget-image img{vertical-align:middle;display:inline-block}<\/style>\t\t\t\t\t\t\t\t\t\t\t\t<img decoding=\"async\" src=\"https:\/\/wn.umg.edu.pl\/nawigator\/wp-content\/uploads\/elementor\/thumbs\/PXL_20230513_093908083-scaled-qhismufofapf9uvx3w13ga0kwkvpusxx7r5904qdmw.jpg\" title=\"PXL_20230513_093908083\" alt=\"PXL_20230513_093908083\" loading=\"lazy\" \/>\t\t\t\t\t\t\t\t\t\t\t\t\t\t\t<\/div>\n\t\t\t\t<\/div>\n\t\t\t\t\t<\/div>\n\t\t\t\t<\/div>\n\t\t<div class=\"elementor-element elementor-element-497df51 e-flex e-con-boxed e-con e-parent\" data-id=\"497df51\" data-element_type=\"container\" data-settings=\"{&quot;content_width&quot;:&quot;boxed&quot;}\" data-core-v316-plus=\"true\">\n\t\t\t\t\t<div class=\"e-con-inner\">\n\t\t\t\t<div class=\"elementor-element elementor-element-3a7e5a2 elementor-widget-divider--view-line elementor-widget elementor-widget-divider\" data-id=\"3a7e5a2\" data-element_type=\"widget\" data-widget_type=\"divider.default\">\n\t\t\t\t<div class=\"elementor-widget-container\">\n\t\t\t\t\t<div class=\"elementor-divider\">\n\t\t\t<span class=\"elementor-divider-separator\">\n\t\t\t\t\t\t<\/span>\n\t\t<\/div>\n\t\t\t\t<\/div>\n\t\t\t\t<\/div>\n\t\t\t\t\t<\/div>\n\t\t\t\t<\/div>\n\t\t<div class=\"elementor-element elementor-element-9f21710 e-flex e-con-boxed e-con e-parent\" data-id=\"9f21710\" data-element_type=\"container\" data-settings=\"{&quot;content_width&quot;:&quot;boxed&quot;}\" data-core-v316-plus=\"true\">\n\t\t\t\t\t<div class=\"e-con-inner\">\n\t\t\t\t<div class=\"elementor-element elementor-element-368844b elementor-widget elementor-widget-text-editor\" data-id=\"368844b\" data-element_type=\"widget\" data-widget_type=\"text-editor.default\">\n\t\t\t\t<div class=\"elementor-widget-container\">\n\t\t\t\t\t\t\t<h3><strong>Projekt Equator Challenger<\/strong><\/h3><h5><em>&#8222;Budowa Autonomicznego Modelu Statku &#8211; Od Druku 3D do Programowania&#8221;<\/em><\/h5>\t\t\t\t\t\t<\/div>\n\t\t\t\t<\/div>\n\t\t\t\t\t<\/div>\n\t\t\t\t<\/div>\n\t\t<div class=\"elementor-element elementor-element-82e37bf e-flex e-con-boxed e-con e-parent\" data-id=\"82e37bf\" data-element_type=\"container\" data-settings=\"{&quot;content_width&quot;:&quot;boxed&quot;}\" data-core-v316-plus=\"true\">\n\t\t\t\t\t<div class=\"e-con-inner\">\n\t\t<div class=\"elementor-element elementor-element-f8923dc e-con-full e-flex e-con e-child\" data-id=\"f8923dc\" data-element_type=\"container\" data-settings=\"{&quot;content_width&quot;:&quot;full&quot;}\">\n\t\t\t\t<div class=\"elementor-element elementor-element-d7c1f6f elementor-widget elementor-widget-image\" data-id=\"d7c1f6f\" data-element_type=\"widget\" data-widget_type=\"image.default\">\n\t\t\t\t<div class=\"elementor-widget-container\">\n\t\t\t\t\t\t\t\t\t\t\t\t\t\t\t<img fetchpriority=\"high\" decoding=\"async\" width=\"1024\" height=\"771\" src=\"https:\/\/wn.umg.edu.pl\/nawigator\/wp-content\/uploads\/2023\/12\/PXL_20230909_153128434-1024x771.jpg\" class=\"attachment-large size-large wp-image-214\" alt=\"\" srcset=\"https:\/\/wn.umg.edu.pl\/nawigator\/wp-content\/uploads\/2023\/12\/PXL_20230909_153128434-1024x771.jpg 1024w, https:\/\/wn.umg.edu.pl\/nawigator\/wp-content\/uploads\/2023\/12\/PXL_20230909_153128434-300x226.jpg 300w, https:\/\/wn.umg.edu.pl\/nawigator\/wp-content\/uploads\/2023\/12\/PXL_20230909_153128434-768x578.jpg 768w, https:\/\/wn.umg.edu.pl\/nawigator\/wp-content\/uploads\/2023\/12\/PXL_20230909_153128434-1536x1157.jpg 1536w, https:\/\/wn.umg.edu.pl\/nawigator\/wp-content\/uploads\/2023\/12\/PXL_20230909_153128434-2048x1542.jpg 2048w\" sizes=\"(max-width: 1024px) 100vw, 1024px\" \/>\t\t\t\t\t\t\t\t\t\t\t\t\t\t\t<\/div>\n\t\t\t\t<\/div>\n\t\t\t\t<\/div>\n\t\t<div class=\"elementor-element elementor-element-b3f8fb9 e-con-full e-flex e-con e-child\" data-id=\"b3f8fb9\" data-element_type=\"container\" data-settings=\"{&quot;content_width&quot;:&quot;full&quot;}\">\n\t\t\t\t<div class=\"elementor-element elementor-element-4066e4e elementor-widget elementor-widget-text-editor\" data-id=\"4066e4e\" data-element_type=\"widget\" data-widget_type=\"text-editor.default\">\n\t\t\t\t<div class=\"elementor-widget-container\">\n\t\t\t\t\t\t\t<p>Equator Challenger to nasza pasja do technologii i in\u017cynierii. Tworzymy autonomiczny model statku, przechodz\u0105c przez etapy druku 3D, elektroniki i programowania.&nbsp;<\/p><p>Mimo trudno\u015bci napotkanych podczas pr\u00f3by przep\u0142yni\u0119cia r\u00f3wnika obok Daru M\u0142odzie\u017cy, nasza determinacja nie s\u0142abnie, a prace nad projektem trwaj\u0105.<\/p>\t\t\t\t\t\t<\/div>\n\t\t\t\t<\/div>\n\t\t\t\t<\/div>\n\t\t\t\t\t<\/div>\n\t\t\t\t<\/div>\n\t\t<div class=\"elementor-element elementor-element-b9a0b5e e-flex e-con-boxed e-con e-parent\" data-id=\"b9a0b5e\" data-element_type=\"container\" data-settings=\"{&quot;content_width&quot;:&quot;boxed&quot;}\" data-core-v316-plus=\"true\">\n\t\t\t\t\t<div class=\"e-con-inner\">\n\t\t\t\t<div class=\"elementor-element elementor-element-f33c9f9 elementor-widget-divider--view-line elementor-widget elementor-widget-divider\" data-id=\"f33c9f9\" data-element_type=\"widget\" data-widget_type=\"divider.default\">\n\t\t\t\t<div class=\"elementor-widget-container\">\n\t\t\t\t\t<div class=\"elementor-divider\">\n\t\t\t<span class=\"elementor-divider-separator\">\n\t\t\t\t\t\t<\/span>\n\t\t<\/div>\n\t\t\t\t<\/div>\n\t\t\t\t<\/div>\n\t\t\t\t\t<\/div>\n\t\t\t\t<\/div>\n\t\t<div class=\"elementor-element elementor-element-db320fc e-flex e-con-boxed e-con e-parent\" data-id=\"db320fc\" data-element_type=\"container\" data-settings=\"{&quot;content_width&quot;:&quot;boxed&quot;}\" data-core-v316-plus=\"true\">\n\t\t\t\t\t<div class=\"e-con-inner\">\n\t\t\t\t<div class=\"elementor-element elementor-element-9d6214a elementor-widget elementor-widget-text-editor\" data-id=\"9d6214a\" data-element_type=\"widget\" data-widget_type=\"text-editor.default\">\n\t\t\t\t<div class=\"elementor-widget-container\">\n\t\t\t\t\t\t\t<h3><strong>Projekt BioHydroMeteo<\/strong><\/h3><h5><em>&#8222;System Informowania o Warunkach Meteorologicznych, Hydrologicznych i Biologicznych w Porcie Gdynia&#8221;<\/em><\/h5>\t\t\t\t\t\t<\/div>\n\t\t\t\t<\/div>\n\t\t\t\t\t<\/div>\n\t\t\t\t<\/div>\n\t\t<div class=\"elementor-element elementor-element-3f57ae5 e-flex e-con-boxed e-con e-parent\" data-id=\"3f57ae5\" data-element_type=\"container\" data-settings=\"{&quot;content_width&quot;:&quot;boxed&quot;}\" data-core-v316-plus=\"true\">\n\t\t\t\t\t<div class=\"e-con-inner\">\n\t\t<div class=\"elementor-element elementor-element-2e5a95e e-con-full e-flex e-con e-child\" data-id=\"2e5a95e\" data-element_type=\"container\" data-settings=\"{&quot;content_width&quot;:&quot;full&quot;}\">\n\t\t\t\t<div class=\"elementor-element elementor-element-8a9d9d7 elementor-widget elementor-widget-text-editor\" data-id=\"8a9d9d7\" data-element_type=\"widget\" data-widget_type=\"text-editor.default\">\n\t\t\t\t<div class=\"elementor-widget-container\">\n\t\t\t\t\t\t\t<p>Wsp\u00f3lnie z firm\u0105 NavSim Polska, nasz zesp\u00f3\u0142 pracuje nad stworzeniem systemu informowania o warunkach meteo-, hydro- i biologicznych dla Portu Gdynia. <br \/>Ten projekt ma na celu popraw\u0119 bezpiecze\u0144stwa portowego oraz wspieranie dzia\u0142a\u0144 pilot\u00f3w morskich.<\/p>\t\t\t\t\t\t<\/div>\n\t\t\t\t<\/div>\n\t\t\t\t<\/div>\n\t\t<div class=\"elementor-element elementor-element-1686400 e-con-full e-flex e-con e-child\" data-id=\"1686400\" data-element_type=\"container\" data-settings=\"{&quot;content_width&quot;:&quot;full&quot;}\">\n\t\t\t\t<div class=\"elementor-element elementor-element-14b3a91 elementor-widget elementor-widget-image\" data-id=\"14b3a91\" data-element_type=\"widget\" data-widget_type=\"image.default\">\n\t\t\t\t<div class=\"elementor-widget-container\">\n\t\t\t\t\t\t\t\t\t\t\t\t\t\t\t<img decoding=\"async\" width=\"1024\" height=\"527\" src=\"https:\/\/wn.umg.edu.pl\/nawigator\/wp-content\/uploads\/2023\/12\/received_217733301153768-1024x527.jpeg\" class=\"attachment-large size-large wp-image-215\" alt=\"\" srcset=\"https:\/\/wn.umg.edu.pl\/nawigator\/wp-content\/uploads\/2023\/12\/received_217733301153768-1024x527.jpeg 1024w, https:\/\/wn.umg.edu.pl\/nawigator\/wp-content\/uploads\/2023\/12\/received_217733301153768-300x154.jpeg 300w, https:\/\/wn.umg.edu.pl\/nawigator\/wp-content\/uploads\/2023\/12\/received_217733301153768-768x395.jpeg 768w, https:\/\/wn.umg.edu.pl\/nawigator\/wp-content\/uploads\/2023\/12\/received_217733301153768-1536x790.jpeg 1536w, https:\/\/wn.umg.edu.pl\/nawigator\/wp-content\/uploads\/2023\/12\/received_217733301153768.jpeg 1920w\" sizes=\"(max-width: 1024px) 100vw, 1024px\" \/>\t\t\t\t\t\t\t\t\t\t\t\t\t\t\t<\/div>\n\t\t\t\t<\/div>\n\t\t\t\t<\/div>\n\t\t\t\t\t<\/div>\n\t\t\t\t<\/div>\n\t\t<div class=\"elementor-element elementor-element-f5bd2cd e-flex e-con-boxed e-con e-parent\" data-id=\"f5bd2cd\" data-element_type=\"container\" data-settings=\"{&quot;content_width&quot;:&quot;boxed&quot;}\" data-core-v316-plus=\"true\">\n\t\t\t\t\t<div class=\"e-con-inner\">\n\t\t\t\t<div class=\"elementor-element elementor-element-84377b7 elementor-widget-divider--view-line elementor-widget elementor-widget-divider\" data-id=\"84377b7\" data-element_type=\"widget\" data-widget_type=\"divider.default\">\n\t\t\t\t<div class=\"elementor-widget-container\">\n\t\t\t\t\t<div class=\"elementor-divider\">\n\t\t\t<span class=\"elementor-divider-separator\">\n\t\t\t\t\t\t<\/span>\n\t\t<\/div>\n\t\t\t\t<\/div>\n\t\t\t\t<\/div>\n\t\t\t\t<div class=\"elementor-element elementor-element-135204d elementor-widget elementor-widget-text-editor\" data-id=\"135204d\" data-element_type=\"widget\" data-widget_type=\"text-editor.default\">\n\t\t\t\t<div class=\"elementor-widget-container\">\n\t\t\t\t\t\t\t<h3><strong>Projekt Planetarium<\/strong><\/h3><h5><em>&#8222;Zanurz si\u0119 w \u015bwiat astronawigacji w planetarium im. Antoniego Led\u00f3chowskiego&#8221;<\/em><\/h5>\t\t\t\t\t\t<\/div>\n\t\t\t\t<\/div>\n\t\t\t\t\t<\/div>\n\t\t\t\t<\/div>\n\t\t<div class=\"elementor-element elementor-element-c51f5a5 e-flex e-con-boxed e-con e-parent\" data-id=\"c51f5a5\" data-element_type=\"container\" data-settings=\"{&quot;content_width&quot;:&quot;boxed&quot;}\" data-core-v316-plus=\"true\">\n\t\t\t\t\t<div class=\"e-con-inner\">\n\t\t\t\t<div class=\"elementor-element elementor-element-bf23cd2 elementor-widget elementor-widget-image\" data-id=\"bf23cd2\" data-element_type=\"widget\" data-widget_type=\"image.default\">\n\t\t\t\t<div class=\"elementor-widget-container\">\n\t\t\t\t\t\t\t\t\t\t\t\t\t\t\t<img decoding=\"async\" width=\"1024\" height=\"768\" src=\"https:\/\/wn.umg.edu.pl\/nawigator\/wp-content\/uploads\/2023\/12\/337728184_195588616525469_5205815502695868951_n-1024x768.jpg\" class=\"attachment-large size-large wp-image-216\" alt=\"\" srcset=\"https:\/\/wn.umg.edu.pl\/nawigator\/wp-content\/uploads\/2023\/12\/337728184_195588616525469_5205815502695868951_n-1024x768.jpg 1024w, https:\/\/wn.umg.edu.pl\/nawigator\/wp-content\/uploads\/2023\/12\/337728184_195588616525469_5205815502695868951_n-300x225.jpg 300w, https:\/\/wn.umg.edu.pl\/nawigator\/wp-content\/uploads\/2023\/12\/337728184_195588616525469_5205815502695868951_n-768x576.jpg 768w, https:\/\/wn.umg.edu.pl\/nawigator\/wp-content\/uploads\/2023\/12\/337728184_195588616525469_5205815502695868951_n-1536x1152.jpg 1536w, https:\/\/wn.umg.edu.pl\/nawigator\/wp-content\/uploads\/2023\/12\/337728184_195588616525469_5205815502695868951_n.jpg 2048w\" sizes=\"(max-width: 1024px) 100vw, 1024px\" \/>\t\t\t\t\t\t\t\t\t\t\t\t\t\t\t<\/div>\n\t\t\t\t<\/div>\n\t\t<div class=\"elementor-element elementor-element-5cf5911 e-con-full e-flex e-con e-child\" data-id=\"5cf5911\" data-element_type=\"container\" data-settings=\"{&quot;content_width&quot;:&quot;full&quot;}\">\n\t\t\t\t<div class=\"elementor-element elementor-element-ac4b4ef elementor-widget elementor-widget-text-editor\" data-id=\"ac4b4ef\" data-element_type=\"widget\" data-widget_type=\"text-editor.default\">\n\t\t\t\t<div class=\"elementor-widget-container\">\n\t\t\t\t\t\t\t<p>Jeste\u015bmy dumni z obs\u0142ugi i prowadzenia pokaz\u00f3w w planetarium im. Antoniego Led\u00f3chowskiego, kt\u00f3re znajduje si\u0119 na naszym wydziale.<br \/>To nie tylko miejsce dla odwiedzaj\u0105cych, ale tak\u017ce przestrze\u0144 do zg\u0142\u0119biania tajnik\u00f3w astronawigacji.<\/p>\t\t\t\t\t\t<\/div>\n\t\t\t\t<\/div>\n\t\t\t\t<\/div>\n\t\t\t\t\t<\/div>\n\t\t\t\t<\/div>\n\t\t<div class=\"elementor-element elementor-element-aa3906b e-flex e-con-boxed e-con e-parent\" data-id=\"aa3906b\" data-element_type=\"container\" data-settings=\"{&quot;content_width&quot;:&quot;boxed&quot;}\" data-core-v316-plus=\"true\">\n\t\t\t\t\t<div class=\"e-con-inner\">\n\t\t\t\t\t<\/div>\n\t\t\t\t<\/div>\n\t\t\t\t\t\t\t<\/div>\n\t\t","protected":false},"excerpt":{"rendered":"<p>Aktualne projekty Ko\u0142a Naukowego Nawigator:\u200b Projekt I\u0142awa &#8222;Tworzenie Mapy Nawigacyjnej S-57 dla O\u015brodka Szkoleniowego w Kamionce&#8221; Projekt I\u0142awa to nasza inicjatywa skoncentrowana na tworzeniu mapy nawigacyjnej S-57 dla O\u015brodka Szkoleniowego kapitan\u00f3w i pilot\u00f3w statk\u00f3w w Kamionce. Uczymy si\u0119 od podstaw procesu tworzenia map elektronicznych, kt\u00f3re s\u0105 ju\u017c standardem na niemal wszystkich statkach na \u015bwiecie. Projekt &hellip;<\/p>\n<p class=\"read-more\"> <a class=\"\" href=\"https:\/\/wn.umg.edu.pl\/nawigator\/dzialalnosc\/\"> <span class=\"screen-reader-text\">Dzia\u0142alno\u015b\u0107 ko\u0142a<\/span> Read More &raquo;<\/a><\/p>\n","protected":false},"author":1,"featured_media":0,"parent":0,"menu_order":0,"comment_status":"closed","ping_status":"closed","template":"","meta":{"_uag_custom_page_level_css":"","site-sidebar-layout":"right-sidebar","site-content-layout":"","ast-site-content-layout":"","site-content-style":"default","site-sidebar-style":"default","ast-global-header-display":"","ast-banner-title-visibility":"","ast-main-header-display":"","ast-hfb-above-header-display":"","ast-hfb-below-header-display":"","ast-hfb-mobile-header-display":"","site-post-title":"","ast-breadcrumbs-content":"","ast-featured-img":"","footer-sml-layout":"","theme-transparent-header-meta":"","adv-header-id-meta":"","stick-header-meta":"","header-above-stick-meta":"","header-main-stick-meta":"","header-below-stick-meta":"","astra-migrate-meta-layouts":"default","ast-page-background-enabled":"default","ast-page-background-meta":{"desktop":{"background-color":"var(--ast-global-color-4)","background-image":"","background-repeat":"repeat","background-position":"center center","background-size":"auto","background-attachment":"scroll","background-type":"","background-media":"","overlay-type":"","overlay-color":"","overlay-gradient":""},"tablet":{"background-color":"","background-image":"","background-repeat":"repeat","background-position":"center center","background-size":"auto","background-attachment":"scroll","background-type":"","background-media":"","overlay-type":"","overlay-color":"","overlay-gradient":""},"mobile":{"background-color":"","background-image":"","background-repeat":"repeat","background-position":"center center","background-size":"auto","background-attachment":"scroll","background-type":"","background-media":"","overlay-type":"","overlay-color":"","overlay-gradient":""}},"ast-content-background-meta":{"desktop":{"background-color":"var(--ast-global-color-5)","background-image":"","background-repeat":"repeat","background-position":"center center","background-size":"auto","background-attachment":"scroll","background-type":"","background-media":"","overlay-type":"","overlay-color":"","overlay-gradient":""},"tablet":{"background-color":"var(--ast-global-color-5)","background-image":"","background-repeat":"repeat","background-position":"center center","background-size":"auto","background-attachment":"scroll","background-type":"","background-media":"","overlay-type":"","overlay-color":"","overlay-gradient":""},"mobile":{"background-color":"var(--ast-global-color-5)","background-image":"","background-repeat":"repeat","background-position":"center center","background-size":"auto","background-attachment":"scroll","background-type":"","background-media":"","overlay-type":"","overlay-color":"","overlay-gradient":""}},"footnotes":""},"class_list":["post-21","page","type-page","status-publish","hentry"],"uagb_featured_image_src":{"full":false,"thumbnail":false,"medium":false,"medium_large":false,"large":false,"1536x1536":false,"2048x2048":false},"uagb_author_info":{"display_name":"Administrator","author_link":"https:\/\/wn.umg.edu.pl\/nawigator\/author\/admin\/"},"uagb_comment_info":0,"uagb_excerpt":"Aktualne projekty Ko\u0142a Naukowego Nawigator:\u200b Projekt I\u0142awa &#8222;Tworzenie Mapy Nawigacyjnej S-57 dla O\u015brodka Szkoleniowego w Kamionce&#8221; Projekt I\u0142awa to nasza inicjatywa skoncentrowana na tworzeniu mapy nawigacyjnej S-57 dla O\u015brodka Szkoleniowego kapitan\u00f3w i pilot\u00f3w statk\u00f3w w Kamionce. Uczymy si\u0119 od podstaw procesu tworzenia map elektronicznych, kt\u00f3re s\u0105 ju\u017c standardem na niemal wszystkich statkach na \u015bwiecie. Projekt&hellip;","_links":{"self":[{"href":"https:\/\/wn.umg.edu.pl\/nawigator\/wp-json\/wp\/v2\/pages\/21","targetHints":{"allow":["GET"]}}],"collection":[{"href":"https:\/\/wn.umg.edu.pl\/nawigator\/wp-json\/wp\/v2\/pages"}],"about":[{"href":"https:\/\/wn.umg.edu.pl\/nawigator\/wp-json\/wp\/v2\/types\/page"}],"author":[{"embeddable":true,"href":"https:\/\/wn.umg.edu.pl\/nawigator\/wp-json\/wp\/v2\/users\/1"}],"replies":[{"embeddable":true,"href":"https:\/\/wn.umg.edu.pl\/nawigator\/wp-json\/wp\/v2\/comments?post=21"}],"version-history":[{"count":19,"href":"https:\/\/wn.umg.edu.pl\/nawigator\/wp-json\/wp\/v2\/pages\/21\/revisions"}],"predecessor-version":[{"id":364,"href":"https:\/\/wn.umg.edu.pl\/nawigator\/wp-json\/wp\/v2\/pages\/21\/revisions\/364"}],"wp:attachment":[{"href":"https:\/\/wn.umg.edu.pl\/nawigator\/wp-json\/wp\/v2\/media?parent=21"}],"curies":[{"name":"wp","href":"https:\/\/api.w.org\/{rel}","templated":true}]}}