{"id":93,"date":"2023-12-27T20:08:38","date_gmt":"2023-12-27T19:08:38","guid":{"rendered":"https:\/\/wn.umg.edu.pl\/nawigator\/?page_id=93"},"modified":"2024-01-18T14:24:54","modified_gmt":"2024-01-18T13:24:54","slug":"kontakt","status":"publish","type":"page","link":"https:\/\/wn.umg.edu.pl\/nawigator\/kontakt\/","title":{"rendered":"Kontakt"},"content":{"rendered":"\t\t<div data-elementor-type=\"wp-page\" data-elementor-id=\"93\" class=\"elementor elementor-93\">\n\t\t\t\t\t\t\t<div class=\"elementor-element elementor-element-b063b5f e-flex e-con-boxed e-con e-parent\" data-id=\"b063b5f\" data-element_type=\"container\" data-settings=\"{&quot;content_width&quot;:&quot;boxed&quot;}\" data-core-v316-plus=\"true\">\n\t\t\t\t\t<div class=\"e-con-inner\">\n\t\t\t\t<div class=\"elementor-element elementor-element-0f1e0bc elementor-widget elementor-widget-image\" data-id=\"0f1e0bc\" data-element_type=\"widget\" data-widget_type=\"image.default\">\n\t\t\t\t<div class=\"elementor-widget-container\">\n\t\t\t<style>\/*! elementor - v3.18.0 - 20-12-2023 *\/\n.elementor-widget-image{text-align:center}.elementor-widget-image a{display:inline-block}.elementor-widget-image a img[src$=\".svg\"]{width:48px}.elementor-widget-image img{vertical-align:middle;display:inline-block}<\/style>\t\t\t\t\t\t\t\t\t\t\t\t<img decoding=\"async\" src=\"https:\/\/wn.umg.edu.pl\/nawigator\/wp-content\/uploads\/elementor\/thumbs\/277888383_356971806380184_5719555302860327041_n-scaled-qhg1e8h709gitzcfitvrzwpba795yzms65s7fehdx4.jpg\" title=\"277888383_356971806380184_5719555302860327041_n\" alt=\"277888383_356971806380184_5719555302860327041_n\" loading=\"lazy\" \/>\t\t\t\t\t\t\t\t\t\t\t\t\t\t\t<\/div>\n\t\t\t\t<\/div>\n\t\t\t\t\t<\/div>\n\t\t\t\t<\/div>\n\t\t<div class=\"elementor-element elementor-element-b78e1b1 e-flex e-con-boxed e-con e-parent\" data-id=\"b78e1b1\" data-element_type=\"container\" data-settings=\"{&quot;content_width&quot;:&quot;boxed&quot;}\" data-core-v316-plus=\"true\">\n\t\t\t\t\t<div class=\"e-con-inner\">\n\t\t<div class=\"elementor-element elementor-element-8943f1a e-con-full e-flex e-con e-child\" data-id=\"8943f1a\" data-element_type=\"container\" data-settings=\"{&quot;content_width&quot;:&quot;full&quot;}\">\n\t\t\t\t<div class=\"elementor-element elementor-element-8eee5d7 elementor-widget elementor-widget-text-editor\" data-id=\"8eee5d7\" data-element_type=\"widget\" data-widget_type=\"text-editor.default\">\n\t\t\t\t<div class=\"elementor-widget-container\">\n\t\t\t<style>\/*! elementor - v3.18.0 - 20-12-2023 *\/\n.elementor-widget-text-editor.elementor-drop-cap-view-stacked .elementor-drop-cap{background-color:#69727d;color:#fff}.elementor-widget-text-editor.elementor-drop-cap-view-framed .elementor-drop-cap{color:#69727d;border:3px solid;background-color:transparent}.elementor-widget-text-editor:not(.elementor-drop-cap-view-default) .elementor-drop-cap{margin-top:8px}.elementor-widget-text-editor:not(.elementor-drop-cap-view-default) .elementor-drop-cap-letter{width:1em;height:1em}.elementor-widget-text-editor .elementor-drop-cap{float:left;text-align:center;line-height:1;font-size:50px}.elementor-widget-text-editor .elementor-drop-cap-letter{display:inline-block}<\/style>\t\t\t\t<h3>Dane kontaktowe:<\/h3><p>Masz pytania lub sugestie?\u00a0<br \/><span style=\"font-style: inherit; font-weight: inherit; color: var( --e-global-color-text ); font-family: var( --e-global-typography-text-font-family ), Sans-serif; text-align: var(--text-align); background-color: var(--ast-global-color-5);\">Napisz do nas na adres e-mail:<\/span><\/p><p><strong>knnawigator@gmail.com<\/strong><\/p><p>Opiekunem KN Nawigator jest:<br \/>dr in\u017c. Krzysztof Wr\u00f3bel<br \/><strong>k.wrobel@wn.umg.edu.pl<\/strong><\/p>\t\t\t\t\t\t<\/div>\n\t\t\t\t<\/div>\n\t\t\t\t<\/div>\n\t\t<div class=\"elementor-element elementor-element-9875834 e-con-full e-flex e-con e-child\" data-id=\"9875834\" data-element_type=\"container\" data-settings=\"{&quot;content_width&quot;:&quot;full&quot;}\">\n\t\t\t\t<div class=\"elementor-element elementor-element-ea2cb25 elementor-widget elementor-widget-text-editor\" data-id=\"ea2cb25\" data-element_type=\"widget\" data-widget_type=\"text-editor.default\">\n\t\t\t\t<div class=\"elementor-widget-container\">\n\t\t\t\t\t\t\t<p><strong>Adres:<br \/><\/strong><span style=\"color: #374151; font-family: S\u00f6hne, ui-sans-serif, system-ui, -apple-system, Segoe UI, Roboto, Ubuntu, Cantarell, Noto Sans, sans-serif, Helvetica Neue, Arial, Apple Color Emoji, Segoe UI Emoji, Segoe UI Symbol, Noto Color Emoji;\"><span style=\"font-size: 16px; white-space-collapse: preserve;\">Wydzia\u0142 Nawigacyjny<br \/><\/span><\/span>Uniwersytet Morski w Gdyni<\/p><p>Aleja Jana Paw\u0142a II 3<br \/>81-345 Gdynia<br \/>Polska<\/p>\t\t\t\t\t\t<\/div>\n\t\t\t\t<\/div>\n\t\t\t\t<\/div>\n\t\t\t\t\t<\/div>\n\t\t\t\t<\/div>\n\t\t\t\t\t\t\t<\/div>\n\t\t","protected":false},"excerpt":{"rendered":"<p>Dane kontaktowe: Masz pytania lub sugestie?\u00a0Napisz do nas na adres e-mail: knnawigator@gmail.com Opiekunem KN Nawigator jest:dr in\u017c. Krzysztof Wr\u00f3belk.wrobel@wn.umg.edu.pl Adres:Wydzia\u0142 NawigacyjnyUniwersytet Morski w Gdyni Aleja Jana Paw\u0142a II 381-345 GdyniaPolska<\/p>\n","protected":false},"author":1,"featured_media":0,"parent":0,"menu_order":0,"comment_status":"closed","ping_status":"closed","template":"","meta":{"_uag_custom_page_level_css":"","site-sidebar-layout":"default","site-content-layout":"","ast-site-content-layout":"","site-content-style":"default","site-sidebar-style":"default","ast-global-header-display":"","ast-banner-title-visibility":"","ast-main-header-display":"","ast-hfb-above-header-display":"","ast-hfb-below-header-display":"","ast-hfb-mobile-header-display":"","site-post-title":"","ast-breadcrumbs-content":"","ast-featured-img":"","footer-sml-layout":"","theme-transparent-header-meta":"","adv-header-id-meta":"","stick-header-meta":"","header-above-stick-meta":"","header-main-stick-meta":"","header-below-stick-meta":"","astra-migrate-meta-layouts":"default","ast-page-background-enabled":"default","ast-page-background-meta":{"desktop":{"background-color":"var(--ast-global-color-4)","background-image":"","background-repeat":"repeat","background-position":"center center","background-size":"auto","background-attachment":"scroll","background-type":"","background-media":"","overlay-type":"","overlay-color":"","overlay-gradient":""},"tablet":{"background-color":"","background-image":"","background-repeat":"repeat","background-position":"center center","background-size":"auto","background-attachment":"scroll","background-type":"","background-media":"","overlay-type":"","overlay-color":"","overlay-gradient":""},"mobile":{"background-color":"","background-image":"","background-repeat":"repeat","background-position":"center center","background-size":"auto","background-attachment":"scroll","background-type":"","background-media":"","overlay-type":"","overlay-color":"","overlay-gradient":""}},"ast-content-background-meta":{"desktop":{"background-color":"var(--ast-global-color-5)","background-image":"","background-repeat":"repeat","background-position":"center center","background-size":"auto","background-attachment":"scroll","background-type":"","background-media":"","overlay-type":"","overlay-color":"","overlay-gradient":""},"tablet":{"background-color":"var(--ast-global-color-5)","background-image":"","background-repeat":"repeat","background-position":"center center","background-size":"auto","background-attachment":"scroll","background-type":"","background-media":"","overlay-type":"","overlay-color":"","overlay-gradient":""},"mobile":{"background-color":"var(--ast-global-color-5)","background-image":"","background-repeat":"repeat","background-position":"center center","background-size":"auto","background-attachment":"scroll","background-type":"","background-media":"","overlay-type":"","overlay-color":"","overlay-gradient":""}},"footnotes":""},"class_list":["post-93","page","type-page","status-publish","hentry"],"uagb_featured_image_src":{"full":false,"thumbnail":false,"medium":false,"medium_large":false,"large":false,"1536x1536":false,"2048x2048":false},"uagb_author_info":{"display_name":"Administrator","author_link":"https:\/\/wn.umg.edu.pl\/nawigator\/author\/admin\/"},"uagb_comment_info":0,"uagb_excerpt":"Dane kontaktowe: Masz pytania lub sugestie?\u00a0Napisz do nas na adres e-mail: knnawigator@gmail.com Opiekunem KN Nawigator jest:dr in\u017c. Krzysztof Wr\u00f3belk.wrobel@wn.umg.edu.pl Adres:Wydzia\u0142 NawigacyjnyUniwersytet Morski w Gdyni Aleja Jana Paw\u0142a II 381-345 GdyniaPolska","_links":{"self":[{"href":"https:\/\/wn.umg.edu.pl\/nawigator\/wp-json\/wp\/v2\/pages\/93","targetHints":{"allow":["GET"]}}],"collection":[{"href":"https:\/\/wn.umg.edu.pl\/nawigator\/wp-json\/wp\/v2\/pages"}],"about":[{"href":"https:\/\/wn.umg.edu.pl\/nawigator\/wp-json\/wp\/v2\/types\/page"}],"author":[{"embeddable":true,"href":"https:\/\/wn.umg.edu.pl\/nawigator\/wp-json\/wp\/v2\/users\/1"}],"replies":[{"embeddable":true,"href":"https:\/\/wn.umg.edu.pl\/nawigator\/wp-json\/wp\/v2\/comments?post=93"}],"version-history":[{"count":32,"href":"https:\/\/wn.umg.edu.pl\/nawigator\/wp-json\/wp\/v2\/pages\/93\/revisions"}],"predecessor-version":[{"id":297,"href":"https:\/\/wn.umg.edu.pl\/nawigator\/wp-json\/wp\/v2\/pages\/93\/revisions\/297"}],"wp:attachment":[{"href":"https:\/\/wn.umg.edu.pl\/nawigator\/wp-json\/wp\/v2\/media?parent=93"}],"curies":[{"name":"wp","href":"https:\/\/api.w.org\/{rel}","templated":true}]}}